{"id":17646,"date":"2026-04-02T17:18:06","date_gmt":"2026-04-02T20:18:06","guid":{"rendered":"https:\/\/casabosque.cl\/producto\/quarto-standard\/"},"modified":"2026-04-02T21:29:17","modified_gmt":"2026-04-03T00:29:17","slug":"quarto-standard","status":"publish","type":"product","link":"https:\/\/casabosque.cl\/pt-br\/producto\/quarto-standard\/","title":{"rendered":"Quarto de hotel padr\u00e3o"},"content":{"rendered":"<p class=\"chakra-text cb-text d-p4f6n8\" data-be-text=\"true\">Quarto: 15m2 com 2 camas queen size<br \/>\nInternet: Wi-Fi gratuito<br \/>\nRoupa de cama: roupa de cama<br \/>\nBanheiro: banheiro privativo com toalhas<br \/>\nComodidades: ar-condicionado e aquecimento<\/p>\n<hr class=\"chakra-divider d-18960ge\" aria-orientation=\"horizontal\">\n<div class=\"d-vxcmzt\">\n<div class=\"chakra-skeleton d-1rqvmnl\">\n<p class=\"chakra-text cb-text d-1utu21d\" data-be-text=\"true\">Comodidades e servi\u00e7os do quarto:<\/p>\n<\/div>\n<\/div>\n<div class=\"d-3148ct\" data-testid=\"property-amenities-list\">\n<div class=\"d-0\">\n<div class=\"d-1qv4xy\" data-testid=\"property-amenity-Aire Condicionado\">\n<p class=\"chakra-text cb-text d-7n8cyi\" data-be-text=\"true\">Ar condicionado<\/p>\n<\/div>\n<\/div>\n<div class=\"d-0\">\n<div class=\"d-1qv4xy\" data-testid=\"property-amenity-Batas de Ba\u00f1o\">\n<p class=\"chakra-text cb-text d-7n8cyi\" data-be-text=\"true\">Roup\u00f5es de banho<\/p>\n<\/div>\n<\/div>\n<div class=\"d-0\">\n<div class=\"d-1qv4xy\" data-testid=\"property-amenity-Cafetera\">\n<p class=\"chakra-text cb-text d-7n8cyi\" data-be-text=\"true\">Cafeteira<\/p>\n<\/div>\n<\/div>\n<div class=\"d-0\">\n<div class=\"d-1qv4xy\" data-testid=\"property-amenity-Cunas (previa solicitud)\">\n<p class=\"chakra-text cb-text d-7n8cyi\" data-be-text=\"true\">Ber\u00e7os (mediante solicita\u00e7\u00e3o)<\/p>\n<\/div>\n<\/div>\n<div class=\"d-0\">\n<div class=\"d-1qv4xy\" data-testid=\"property-amenity-Internet inal\u00e1mbrico (WiFi)\">\n<p class=\"chakra-text cb-text d-7n8cyi\" data-be-text=\"true\">Internet sem fio (WiFi)<\/p>\n<\/div>\n<\/div>\n<div class=\"d-0\">\n<div class=\"d-1qv4xy\" data-testid=\"property-amenity-Internet por cable\">\n<p class=\"chakra-text cb-text d-7n8cyi\" data-be-text=\"true\">Internet com fio<\/p>\n<\/div>\n<\/div>\n<div class=\"d-0\">\n<div class=\"d-1qv4xy\" data-testid=\"property-amenity-Secador de Cabello\">\n<p class=\"chakra-text cb-text d-7n8cyi\" data-be-text=\"true\">Secador de cabelo<\/p>\n<\/div>\n<\/div>\n<div class=\"d-0\">\n<div class=\"d-1qv4xy\" data-testid=\"property-amenity-Televisi\u00f3n por cable\">\n<p class=\"chakra-text cb-text d-7n8cyi\" data-be-text=\"true\">Televis\u00e3o a cabo<\/p>\n<\/div>\n<\/div>\n<\/div>\n","protected":false},"excerpt":{"rendered":"<p>Quarto: 15m2 com 2 camas queen size Internet: Wi-Fi gratuito Roupa de cama: roupa de cama Banheiro: banheiro privativo com toalhas Comodidades: ar-condicionado e aquecimento Comodidades e servi\u00e7os do quarto: Ar condicionado Roup\u00f5es de banho Cafeteira Ber\u00e7os (mediante solicita\u00e7\u00e3o) Internet sem fio (WiFi) Internet com fio Secador de cabelo Televis\u00e3o a cabo<\/p>\n","protected":false},"featured_media":17644,"comment_status":"open","ping_status":"closed","template":"","meta":{"_acf_changed":false,"rs_blank_template":"","rs_page_bg_color":"","slide_template_v7":"","site-sidebar-layout":"default","site-content-layout":"","ast-site-content-layout":"default","site-content-style":"default","site-sidebar-style":"default","ast-global-header-display":"","ast-banner-title-visibility":"","ast-main-header-display":"","ast-hfb-above-header-display":"","ast-hfb-below-header-display":"","ast-hfb-mobile-header-display":"","site-post-title":"","ast-breadcrumbs-content":"","ast-featured-img":"","footer-sml-layout":"","ast-disable-related-posts":"","theme-transparent-header-meta":"default","adv-header-id-meta":"","stick-header-meta":"default","header-above-stick-meta":"","header-main-stick-meta":"","header-below-stick-meta":"","astra-migrate-meta-layouts":"default","ast-page-background-enabled":"default","ast-page-background-meta":{"desktop":{"background-color":"var(--ast-global-color-4)","background-image":"","background-repeat":"repeat","background-position":"center center","background-size":"auto","background-attachment":"scroll","background-type":"","background-media":"","overlay-type":"","overlay-color":"","overlay-opacity":"","overlay-gradient":""},"tablet":{"background-color":"","background-image":"","background-repeat":"repeat","background-position":"center center","background-size":"auto","background-attachment":"scroll","background-type":"","background-media":"","overlay-type":"","overlay-color":"","overlay-opacity":"","overlay-gradient":""},"mobile":{"background-color":"","background-image":"","background-repeat":"repeat","background-position":"center center","background-size":"auto","background-attachment":"scroll","background-type":"","background-media":"","overlay-type":"","overlay-color":"","overlay-opacity":"","overlay-gradient":""}},"ast-content-background-meta":{"desktop":{"background-color":"var(--ast-global-color-5)","background-image":"","background-repeat":"repeat","background-position":"center center","background-size":"auto","background-attachment":"scroll","background-type":"","background-media":"","overlay-type":"","overlay-color":"","overlay-opacity":"","overlay-gradient":""},"tablet":{"background-color":"var(--ast-global-color-5)","background-image":"","background-repeat":"repeat","background-position":"center center","background-size":"auto","background-attachment":"scroll","background-type":"","background-media":"","overlay-type":"","overlay-color":"","overlay-opacity":"","overlay-gradient":""},"mobile":{"background-color":"var(--ast-global-color-5)","background-image":"","background-repeat":"repeat","background-position":"center center","background-size":"auto","background-attachment":"scroll","background-type":"","background-media":"","overlay-type":"","overlay-color":"","overlay-opacity":"","overlay-gradient":""}}},"product_brand":[],"product_cat":[230],"product_tag":[],"giftcard-category":[],"class_list":{"0":"post-17646","1":"product","2":"type-product","3":"status-publish","4":"has-post-thumbnail","6":"product_cat-acomodacao","7":"desktop-align-center","8":"tablet-align-left","9":"mobile-align-left","10":"ast-product-gallery-layout-horizontal-slider","11":"ast-product-tabs-layout-horizontal","13":"first","14":"instock","15":"virtual","16":"sold-individually","17":"taxable","18":"purchasable","19":"product-type-booking"},"acf":[],"yoast_head":"<!-- This site is optimized with the Yoast SEO plugin v27.3 - https:\/\/yoast.com\/product\/yoast-seo-wordpress\/ -->\n<title>Quarto de hotel padr\u00e3o - Casa Bosque<\/title>\n<meta name=\"robots\" content=\"index, follow, max-snippet:-1, max-image-preview:large, max-video-preview:-1\" \/>\n<link rel=\"canonical\" href=\"https:\/\/casabosque.cl\/pt-br\/producto\/quarto-standard\/\" \/>\n<meta property=\"og:locale\" content=\"pt_BR\" \/>\n<meta property=\"og:type\" content=\"article\" \/>\n<meta property=\"og:title\" content=\"Quarto de hotel padr\u00e3o - Casa Bosque\" \/>\n<meta property=\"og:description\" content=\"Quarto: 15m2 com 2 camas queen size Internet: Wi-Fi gratuito Roupa de cama: roupa de cama Banheiro: banheiro privativo com toalhas Comodidades: ar-condicionado e aquecimento Comodidades e servi\u00e7os do quarto: Ar condicionado Roup\u00f5es de banho Cafeteira Ber\u00e7os (mediante solicita\u00e7\u00e3o) Internet sem fio (WiFi) Internet com fio Secador de cabelo Televis\u00e3o a cabo\" \/>\n<meta property=\"og:url\" content=\"https:\/\/casabosque.cl\/pt-br\/producto\/quarto-standard\/\" \/>\n<meta property=\"og:site_name\" content=\"Casa Bosque\" \/>\n<meta property=\"article:modified_time\" content=\"2026-04-03T00:29:17+00:00\" \/>\n<meta property=\"og:image\" content=\"https:\/\/casabosque.cl\/wp-content\/uploads\/2026\/04\/doble_estanadar_featured69bc2210e6690.jpeg\" \/>\n\t<meta property=\"og:image:width\" content=\"700\" \/>\n\t<meta property=\"og:image:height\" content=\"490\" \/>\n\t<meta property=\"og:image:type\" content=\"image\/jpeg\" \/>\n<meta name=\"twitter:card\" content=\"summary_large_image\" \/>\n<script type=\"application\/ld+json\" class=\"yoast-schema-graph\">{\"@context\":\"https:\\\/\\\/schema.org\",\"@graph\":[{\"@type\":\"WebPage\",\"@id\":\"https:\\\/\\\/casabosque.cl\\\/pt-br\\\/producto\\\/quarto-standard\\\/\",\"url\":\"https:\\\/\\\/casabosque.cl\\\/pt-br\\\/producto\\\/quarto-standard\\\/\",\"name\":\"Quarto de hotel padr\u00e3o - Casa Bosque\",\"isPartOf\":{\"@id\":\"https:\\\/\\\/casabosque.cl\\\/pt-br\\\/#website\"},\"primaryImageOfPage\":{\"@id\":\"https:\\\/\\\/casabosque.cl\\\/pt-br\\\/producto\\\/quarto-standard\\\/#primaryimage\"},\"image\":{\"@id\":\"https:\\\/\\\/casabosque.cl\\\/pt-br\\\/producto\\\/quarto-standard\\\/#primaryimage\"},\"thumbnailUrl\":\"https:\\\/\\\/casabosque.cl\\\/wp-content\\\/uploads\\\/2026\\\/04\\\/doble_estanadar_featured69bc2210e6690.jpeg\",\"datePublished\":\"2026-04-02T20:18:06+00:00\",\"dateModified\":\"2026-04-03T00:29:17+00:00\",\"breadcrumb\":{\"@id\":\"https:\\\/\\\/casabosque.cl\\\/pt-br\\\/producto\\\/quarto-standard\\\/#breadcrumb\"},\"inLanguage\":\"pt-BR\",\"potentialAction\":[{\"@type\":\"ReadAction\",\"target\":[\"https:\\\/\\\/casabosque.cl\\\/pt-br\\\/producto\\\/quarto-standard\\\/\"]}]},{\"@type\":\"ImageObject\",\"inLanguage\":\"pt-BR\",\"@id\":\"https:\\\/\\\/casabosque.cl\\\/pt-br\\\/producto\\\/quarto-standard\\\/#primaryimage\",\"url\":\"https:\\\/\\\/casabosque.cl\\\/wp-content\\\/uploads\\\/2026\\\/04\\\/doble_estanadar_featured69bc2210e6690.jpeg\",\"contentUrl\":\"https:\\\/\\\/casabosque.cl\\\/wp-content\\\/uploads\\\/2026\\\/04\\\/doble_estanadar_featured69bc2210e6690.jpeg\",\"width\":700,\"height\":490},{\"@type\":\"BreadcrumbList\",\"@id\":\"https:\\\/\\\/casabosque.cl\\\/pt-br\\\/producto\\\/quarto-standard\\\/#breadcrumb\",\"itemListElement\":[{\"@type\":\"ListItem\",\"position\":1,\"name\":\"Portada\",\"item\":\"https:\\\/\\\/casabosque.cl\\\/pt-br\\\/uma-experiencia-magica\\\/\"},{\"@type\":\"ListItem\",\"position\":2,\"name\":\"Loja\",\"item\":\"https:\\\/\\\/casabosque.cl\\\/pt-br\\\/loja\\\/\"},{\"@type\":\"ListItem\",\"position\":3,\"name\":\"Quarto de hotel padr\u00e3o\"}]},{\"@type\":\"WebSite\",\"@id\":\"https:\\\/\\\/casabosque.cl\\\/pt-br\\\/#website\",\"url\":\"https:\\\/\\\/casabosque.cl\\\/pt-br\\\/\",\"name\":\"Casa Bosque\",\"description\":\"Sitio 2023\",\"publisher\":{\"@id\":\"https:\\\/\\\/casabosque.cl\\\/pt-br\\\/#organization\"},\"potentialAction\":[{\"@type\":\"SearchAction\",\"target\":{\"@type\":\"EntryPoint\",\"urlTemplate\":\"https:\\\/\\\/casabosque.cl\\\/pt-br\\\/?s={search_term_string}\"},\"query-input\":{\"@type\":\"PropertyValueSpecification\",\"valueRequired\":true,\"valueName\":\"search_term_string\"}}],\"inLanguage\":\"pt-BR\"},{\"@type\":\"Organization\",\"@id\":\"https:\\\/\\\/casabosque.cl\\\/pt-br\\\/#organization\",\"name\":\"Casa Bosque\",\"url\":\"https:\\\/\\\/casabosque.cl\\\/pt-br\\\/\",\"logo\":{\"@type\":\"ImageObject\",\"inLanguage\":\"pt-BR\",\"@id\":\"https:\\\/\\\/casabosque.cl\\\/pt-br\\\/#\\\/schema\\\/logo\\\/image\\\/\",\"url\":\"https:\\\/\\\/casabosque.cl\\\/wp-content\\\/uploads\\\/2023\\\/06\\\/banderin_casa_bosque.webp\",\"contentUrl\":\"https:\\\/\\\/casabosque.cl\\\/wp-content\\\/uploads\\\/2023\\\/06\\\/banderin_casa_bosque.webp\",\"width\":332,\"height\":227,\"caption\":\"Casa Bosque\"},\"image\":{\"@id\":\"https:\\\/\\\/casabosque.cl\\\/pt-br\\\/#\\\/schema\\\/logo\\\/image\\\/\"}}]}<\/script>\n<!-- \/ Yoast SEO plugin. -->","yoast_head_json":{"title":"Quarto de hotel padr\u00e3o - Casa Bosque","robots":{"index":"index","follow":"follow","max-snippet":"max-snippet:-1","max-image-preview":"max-image-preview:large","max-video-preview":"max-video-preview:-1"},"canonical":"https:\/\/casabosque.cl\/pt-br\/producto\/quarto-standard\/","og_locale":"pt_BR","og_type":"article","og_title":"Quarto de hotel padr\u00e3o - Casa Bosque","og_description":"Quarto: 15m2 com 2 camas queen size Internet: Wi-Fi gratuito Roupa de cama: roupa de cama Banheiro: banheiro privativo com toalhas Comodidades: ar-condicionado e aquecimento Comodidades e servi\u00e7os do quarto: Ar condicionado Roup\u00f5es de banho Cafeteira Ber\u00e7os (mediante solicita\u00e7\u00e3o) Internet sem fio (WiFi) Internet com fio Secador de cabelo Televis\u00e3o a cabo","og_url":"https:\/\/casabosque.cl\/pt-br\/producto\/quarto-standard\/","og_site_name":"Casa Bosque","article_modified_time":"2026-04-03T00:29:17+00:00","og_image":[{"width":700,"height":490,"url":"https:\/\/casabosque.cl\/wp-content\/uploads\/2026\/04\/doble_estanadar_featured69bc2210e6690.jpeg","type":"image\/jpeg"}],"twitter_card":"summary_large_image","schema":{"@context":"https:\/\/schema.org","@graph":[{"@type":"WebPage","@id":"https:\/\/casabosque.cl\/pt-br\/producto\/quarto-standard\/","url":"https:\/\/casabosque.cl\/pt-br\/producto\/quarto-standard\/","name":"Quarto de hotel padr\u00e3o - Casa Bosque","isPartOf":{"@id":"https:\/\/casabosque.cl\/pt-br\/#website"},"primaryImageOfPage":{"@id":"https:\/\/casabosque.cl\/pt-br\/producto\/quarto-standard\/#primaryimage"},"image":{"@id":"https:\/\/casabosque.cl\/pt-br\/producto\/quarto-standard\/#primaryimage"},"thumbnailUrl":"https:\/\/casabosque.cl\/wp-content\/uploads\/2026\/04\/doble_estanadar_featured69bc2210e6690.jpeg","datePublished":"2026-04-02T20:18:06+00:00","dateModified":"2026-04-03T00:29:17+00:00","breadcrumb":{"@id":"https:\/\/casabosque.cl\/pt-br\/producto\/quarto-standard\/#breadcrumb"},"inLanguage":"pt-BR","potentialAction":[{"@type":"ReadAction","target":["https:\/\/casabosque.cl\/pt-br\/producto\/quarto-standard\/"]}]},{"@type":"ImageObject","inLanguage":"pt-BR","@id":"https:\/\/casabosque.cl\/pt-br\/producto\/quarto-standard\/#primaryimage","url":"https:\/\/casabosque.cl\/wp-content\/uploads\/2026\/04\/doble_estanadar_featured69bc2210e6690.jpeg","contentUrl":"https:\/\/casabosque.cl\/wp-content\/uploads\/2026\/04\/doble_estanadar_featured69bc2210e6690.jpeg","width":700,"height":490},{"@type":"BreadcrumbList","@id":"https:\/\/casabosque.cl\/pt-br\/producto\/quarto-standard\/#breadcrumb","itemListElement":[{"@type":"ListItem","position":1,"name":"Portada","item":"https:\/\/casabosque.cl\/pt-br\/uma-experiencia-magica\/"},{"@type":"ListItem","position":2,"name":"Loja","item":"https:\/\/casabosque.cl\/pt-br\/loja\/"},{"@type":"ListItem","position":3,"name":"Quarto de hotel padr\u00e3o"}]},{"@type":"WebSite","@id":"https:\/\/casabosque.cl\/pt-br\/#website","url":"https:\/\/casabosque.cl\/pt-br\/","name":"Casa Bosque","description":"Sitio 2023","publisher":{"@id":"https:\/\/casabosque.cl\/pt-br\/#organization"},"potentialAction":[{"@type":"SearchAction","target":{"@type":"EntryPoint","urlTemplate":"https:\/\/casabosque.cl\/pt-br\/?s={search_term_string}"},"query-input":{"@type":"PropertyValueSpecification","valueRequired":true,"valueName":"search_term_string"}}],"inLanguage":"pt-BR"},{"@type":"Organization","@id":"https:\/\/casabosque.cl\/pt-br\/#organization","name":"Casa Bosque","url":"https:\/\/casabosque.cl\/pt-br\/","logo":{"@type":"ImageObject","inLanguage":"pt-BR","@id":"https:\/\/casabosque.cl\/pt-br\/#\/schema\/logo\/image\/","url":"https:\/\/casabosque.cl\/wp-content\/uploads\/2023\/06\/banderin_casa_bosque.webp","contentUrl":"https:\/\/casabosque.cl\/wp-content\/uploads\/2023\/06\/banderin_casa_bosque.webp","width":332,"height":227,"caption":"Casa Bosque"},"image":{"@id":"https:\/\/casabosque.cl\/pt-br\/#\/schema\/logo\/image\/"}}]}},"_cost_price":"","_links":{"self":[{"href":"https:\/\/casabosque.cl\/pt-br\/wp-json\/wp\/v2\/product\/17646","targetHints":{"allow":["GET"]}}],"collection":[{"href":"https:\/\/casabosque.cl\/pt-br\/wp-json\/wp\/v2\/product"}],"about":[{"href":"https:\/\/casabosque.cl\/pt-br\/wp-json\/wp\/v2\/types\/product"}],"replies":[{"embeddable":true,"href":"https:\/\/casabosque.cl\/pt-br\/wp-json\/wp\/v2\/comments?post=17646"}],"wp:featuredmedia":[{"embeddable":true,"href":"https:\/\/casabosque.cl\/pt-br\/wp-json\/wp\/v2\/media\/17644"}],"wp:attachment":[{"href":"https:\/\/casabosque.cl\/pt-br\/wp-json\/wp\/v2\/media?parent=17646"}],"wp:term":[{"taxonomy":"product_brand","embeddable":true,"href":"https:\/\/casabosque.cl\/pt-br\/wp-json\/wp\/v2\/product_brand?post=17646"},{"taxonomy":"product_cat","embeddable":true,"href":"https:\/\/casabosque.cl\/pt-br\/wp-json\/wp\/v2\/product_cat?post=17646"},{"taxonomy":"product_tag","embeddable":true,"href":"https:\/\/casabosque.cl\/pt-br\/wp-json\/wp\/v2\/product_tag?post=17646"},{"taxonomy":"giftcard-category","embeddable":true,"href":"https:\/\/casabosque.cl\/pt-br\/wp-json\/wp\/v2\/giftcard-category?post=17646"}],"curies":[{"name":"wp","href":"https:\/\/api.w.org\/{rel}","templated":true}]}}