{"id":17669,"date":"2026-04-02T21:34:43","date_gmt":"2026-04-03T00:34:43","guid":{"rendered":"https:\/\/casabosque.cl\/producto\/suite-junior\/"},"modified":"2026-04-02T21:39:19","modified_gmt":"2026-04-03T00:39:19","slug":"suite-junior","status":"publish","type":"product","link":"https:\/\/casabosque.cl\/pt-br\/producto\/suite-junior\/","title":{"rendered":"Junior Suite Hotel"},"content":{"rendered":"<p class=\"chakra-text cb-text d-p4f6n8\" data-be-text=\"true\">Quarto de 25 m2 com 1 cama king size e varanda com vista para a piscina<br \/>\nInternet: Wi-Fi gratuito de alta velocidade<br \/>\nRelaxamento: roupa de cama<br \/>\nBanheiro: banheira de hidromassagem com chuveiro de hidromassagem<br \/>\nInstala\u00e7\u00f5es: ar-condicionado e aquecimento.<\/p>\n<hr class=\"chakra-divider d-18960ge\" aria-orientation=\"horizontal\">\n<div class=\"d-vxcmzt\">\n<div class=\"chakra-skeleton d-1rqvmnl\">\n<p class=\"chakra-text cb-text d-1utu21d\" data-be-text=\"true\">Comodidades e servi\u00e7os do quarto<\/p>\n<\/div>\n<\/div>\n<div class=\"d-3148ct\" data-testid=\"property-amenities-list\">\n<div class=\"d-0\">\n<div class=\"d-1qv4xy\" data-testid=\"property-amenity-Aire Condicionado\">\n<div class=\"d-z7bbyr\"><\/div>\n<p class=\"chakra-text cb-text d-7n8cyi\" data-be-text=\"true\">Ar condicionado<\/p>\n<\/div>\n<\/div>\n<div class=\"d-0\">\n<div class=\"d-1qv4xy\" data-testid=\"property-amenity-BALC\u00d3N ** PENDIENTE\">\n<p class=\"chakra-text cb-text d-7n8cyi\" data-be-text=\"true\">VARANDA<\/p>\n<\/div>\n<\/div>\n<div class=\"d-0\">\n<div class=\"d-1qv4xy\" data-testid=\"property-amenity-Batas de Ba\u00f1o\">\n<p class=\"chakra-text cb-text d-7n8cyi\" data-be-text=\"true\">Roup\u00f5es de banho<\/p>\n<\/div>\n<\/div>\n<div class=\"d-0\">\n<div class=\"d-1qv4xy\" data-testid=\"property-amenity-Cafetera\">\n<p class=\"chakra-text cb-text d-7n8cyi\" data-be-text=\"true\">Cafeteira<\/p>\n<\/div>\n<\/div>\n<div class=\"d-0\">\n<div class=\"d-1qv4xy\" data-testid=\"property-amenity-Cunas (previa solicitud)\">\n<p class=\"chakra-text cb-text d-7n8cyi\" data-be-text=\"true\">Ber\u00e7os (mediante solicita\u00e7\u00e3o)<\/p>\n<\/div>\n<\/div>\n<div class=\"d-0\">\n<div class=\"d-1qv4xy\" data-testid=\"property-amenity-Internet inal\u00e1mbrico (WiFi)\">\n<p class=\"chakra-text cb-text d-7n8cyi\" data-be-text=\"true\">Internet sem fio (WiFi)<\/p>\n<\/div>\n<\/div>\n<div class=\"d-0\">\n<div class=\"d-1qv4xy\" data-testid=\"property-amenity-Internet por cable\">\n<p class=\"chakra-text cb-text d-7n8cyi\" data-be-text=\"true\">Internet com fio<\/p>\n<\/div>\n<\/div>\n<div class=\"d-0\">\n<div class=\"d-1qv4xy\" data-testid=\"property-amenity-Minibar\">\n<p class=\"chakra-text cb-text d-7n8cyi\" data-be-text=\"true\">Minibar<\/p>\n<\/div>\n<\/div>\n<\/div>\n","protected":false},"excerpt":{"rendered":"<p>Quarto de 25 m2 com 1 cama king size e varanda com vista para a piscina Internet: Wi-Fi gratuito de alta velocidade Relaxamento: roupa de cama Banheiro: banheira de hidromassagem com chuveiro de hidromassagem Instala\u00e7\u00f5es: ar-condicionado e aquecimento. Comodidades e servi\u00e7os do quarto Ar condicionado VARANDA Roup\u00f5es de banho Cafeteira Ber\u00e7os (mediante solicita\u00e7\u00e3o) Internet sem [&hellip;]<\/p>\n","protected":false},"featured_media":17664,"comment_status":"open","ping_status":"closed","template":"","meta":{"_acf_changed":false,"rs_blank_template":"","rs_page_bg_color":"","slide_template_v7":"","site-sidebar-layout":"default","site-content-layout":"","ast-site-content-layout":"default","site-content-style":"default","site-sidebar-style":"default","ast-global-header-display":"","ast-banner-title-visibility":"","ast-main-header-display":"","ast-hfb-above-header-display":"","ast-hfb-below-header-display":"","ast-hfb-mobile-header-display":"","site-post-title":"","ast-breadcrumbs-content":"","ast-featured-img":"","footer-sml-layout":"","ast-disable-related-posts":"","theme-transparent-header-meta":"default","adv-header-id-meta":"","stick-header-meta":"default","header-above-stick-meta":"","header-main-stick-meta":"","header-below-stick-meta":"","astra-migrate-meta-layouts":"default","ast-page-background-enabled":"default","ast-page-background-meta":{"desktop":{"background-color":"var(--ast-global-color-4)","background-image":"","background-repeat":"repeat","background-position":"center center","background-size":"auto","background-attachment":"scroll","background-type":"","background-media":"","overlay-type":"","overlay-color":"","overlay-opacity":"","overlay-gradient":""},"tablet":{"background-color":"","background-image":"","background-repeat":"repeat","background-position":"center center","background-size":"auto","background-attachment":"scroll","background-type":"","background-media":"","overlay-type":"","overlay-color":"","overlay-opacity":"","overlay-gradient":""},"mobile":{"background-color":"","background-image":"","background-repeat":"repeat","background-position":"center center","background-size":"auto","background-attachment":"scroll","background-type":"","background-media":"","overlay-type":"","overlay-color":"","overlay-opacity":"","overlay-gradient":""}},"ast-content-background-meta":{"desktop":{"background-color":"var(--ast-global-color-5)","background-image":"","background-repeat":"repeat","background-position":"center center","background-size":"auto","background-attachment":"scroll","background-type":"","background-media":"","overlay-type":"","overlay-color":"","overlay-opacity":"","overlay-gradient":""},"tablet":{"background-color":"var(--ast-global-color-5)","background-image":"","background-repeat":"repeat","background-position":"center center","background-size":"auto","background-attachment":"scroll","background-type":"","background-media":"","overlay-type":"","overlay-color":"","overlay-opacity":"","overlay-gradient":""},"mobile":{"background-color":"var(--ast-global-color-5)","background-image":"","background-repeat":"repeat","background-position":"center center","background-size":"auto","background-attachment":"scroll","background-type":"","background-media":"","overlay-type":"","overlay-color":"","overlay-opacity":"","overlay-gradient":""}}},"product_brand":[],"product_cat":[116,230],"product_tag":[],"giftcard-category":[],"class_list":{"0":"post-17669","1":"product","2":"type-product","3":"status-publish","4":"has-post-thumbnail","6":"product_cat-nao-categorizado","7":"product_cat-acomodacao","8":"desktop-align-center","9":"tablet-align-left","10":"mobile-align-left","11":"ast-product-gallery-layout-horizontal-slider","12":"ast-product-tabs-layout-horizontal","14":"first","15":"instock","16":"virtual","17":"sold-individually","18":"taxable","19":"purchasable","20":"product-type-booking"},"acf":[],"yoast_head":"<!-- This site is optimized with the Yoast SEO plugin v27.3 - https:\/\/yoast.com\/product\/yoast-seo-wordpress\/ -->\n<title>Junior Suite Hotel - Casa Bosque<\/title>\n<meta name=\"robots\" content=\"index, follow, max-snippet:-1, max-image-preview:large, max-video-preview:-1\" \/>\n<link rel=\"canonical\" href=\"https:\/\/casabosque.cl\/pt-br\/producto\/suite-junior\/\" \/>\n<meta property=\"og:locale\" content=\"pt_BR\" \/>\n<meta property=\"og:type\" content=\"article\" \/>\n<meta property=\"og:title\" content=\"Junior Suite Hotel - Casa Bosque\" \/>\n<meta property=\"og:description\" content=\"Quarto de 25 m2 com 1 cama king size e varanda com vista para a piscina Internet: Wi-Fi gratuito de alta velocidade Relaxamento: roupa de cama Banheiro: banheira de hidromassagem com chuveiro de hidromassagem Instala\u00e7\u00f5es: ar-condicionado e aquecimento. Comodidades e servi\u00e7os do quarto Ar condicionado VARANDA Roup\u00f5es de banho Cafeteira Ber\u00e7os (mediante solicita\u00e7\u00e3o) Internet sem [&hellip;]\" \/>\n<meta property=\"og:url\" content=\"https:\/\/casabosque.cl\/pt-br\/producto\/suite-junior\/\" \/>\n<meta property=\"og:site_name\" content=\"Casa Bosque\" \/>\n<meta property=\"article:modified_time\" content=\"2026-04-03T00:39:19+00:00\" \/>\n<meta property=\"og:image\" content=\"https:\/\/casabosque.cl\/wp-content\/uploads\/2026\/04\/junior_suite_featured69bad97358f05.jpg\" \/>\n\t<meta property=\"og:image:width\" content=\"700\" \/>\n\t<meta property=\"og:image:height\" content=\"490\" \/>\n\t<meta property=\"og:image:type\" content=\"image\/jpeg\" \/>\n<meta name=\"twitter:card\" content=\"summary_large_image\" \/>\n<script type=\"application\/ld+json\" class=\"yoast-schema-graph\">{\"@context\":\"https:\\\/\\\/schema.org\",\"@graph\":[{\"@type\":\"WebPage\",\"@id\":\"https:\\\/\\\/casabosque.cl\\\/pt-br\\\/producto\\\/suite-junior\\\/\",\"url\":\"https:\\\/\\\/casabosque.cl\\\/pt-br\\\/producto\\\/suite-junior\\\/\",\"name\":\"Junior Suite Hotel - Casa Bosque\",\"isPartOf\":{\"@id\":\"https:\\\/\\\/casabosque.cl\\\/pt-br\\\/#website\"},\"primaryImageOfPage\":{\"@id\":\"https:\\\/\\\/casabosque.cl\\\/pt-br\\\/producto\\\/suite-junior\\\/#primaryimage\"},\"image\":{\"@id\":\"https:\\\/\\\/casabosque.cl\\\/pt-br\\\/producto\\\/suite-junior\\\/#primaryimage\"},\"thumbnailUrl\":\"https:\\\/\\\/casabosque.cl\\\/wp-content\\\/uploads\\\/2026\\\/04\\\/junior_suite_featured69bad97358f05.jpg\",\"datePublished\":\"2026-04-03T00:34:43+00:00\",\"dateModified\":\"2026-04-03T00:39:19+00:00\",\"breadcrumb\":{\"@id\":\"https:\\\/\\\/casabosque.cl\\\/pt-br\\\/producto\\\/suite-junior\\\/#breadcrumb\"},\"inLanguage\":\"pt-BR\",\"potentialAction\":[{\"@type\":\"ReadAction\",\"target\":[\"https:\\\/\\\/casabosque.cl\\\/pt-br\\\/producto\\\/suite-junior\\\/\"]}]},{\"@type\":\"ImageObject\",\"inLanguage\":\"pt-BR\",\"@id\":\"https:\\\/\\\/casabosque.cl\\\/pt-br\\\/producto\\\/suite-junior\\\/#primaryimage\",\"url\":\"https:\\\/\\\/casabosque.cl\\\/wp-content\\\/uploads\\\/2026\\\/04\\\/junior_suite_featured69bad97358f05.jpg\",\"contentUrl\":\"https:\\\/\\\/casabosque.cl\\\/wp-content\\\/uploads\\\/2026\\\/04\\\/junior_suite_featured69bad97358f05.jpg\",\"width\":700,\"height\":490},{\"@type\":\"BreadcrumbList\",\"@id\":\"https:\\\/\\\/casabosque.cl\\\/pt-br\\\/producto\\\/suite-junior\\\/#breadcrumb\",\"itemListElement\":[{\"@type\":\"ListItem\",\"position\":1,\"name\":\"Portada\",\"item\":\"https:\\\/\\\/casabosque.cl\\\/pt-br\\\/uma-experiencia-magica\\\/\"},{\"@type\":\"ListItem\",\"position\":2,\"name\":\"Loja\",\"item\":\"https:\\\/\\\/casabosque.cl\\\/pt-br\\\/loja\\\/\"},{\"@type\":\"ListItem\",\"position\":3,\"name\":\"Junior Suite Hotel\"}]},{\"@type\":\"WebSite\",\"@id\":\"https:\\\/\\\/casabosque.cl\\\/pt-br\\\/#website\",\"url\":\"https:\\\/\\\/casabosque.cl\\\/pt-br\\\/\",\"name\":\"Casa Bosque\",\"description\":\"Sitio 2023\",\"publisher\":{\"@id\":\"https:\\\/\\\/casabosque.cl\\\/pt-br\\\/#organization\"},\"potentialAction\":[{\"@type\":\"SearchAction\",\"target\":{\"@type\":\"EntryPoint\",\"urlTemplate\":\"https:\\\/\\\/casabosque.cl\\\/pt-br\\\/?s={search_term_string}\"},\"query-input\":{\"@type\":\"PropertyValueSpecification\",\"valueRequired\":true,\"valueName\":\"search_term_string\"}}],\"inLanguage\":\"pt-BR\"},{\"@type\":\"Organization\",\"@id\":\"https:\\\/\\\/casabosque.cl\\\/pt-br\\\/#organization\",\"name\":\"Casa Bosque\",\"url\":\"https:\\\/\\\/casabosque.cl\\\/pt-br\\\/\",\"logo\":{\"@type\":\"ImageObject\",\"inLanguage\":\"pt-BR\",\"@id\":\"https:\\\/\\\/casabosque.cl\\\/pt-br\\\/#\\\/schema\\\/logo\\\/image\\\/\",\"url\":\"https:\\\/\\\/casabosque.cl\\\/wp-content\\\/uploads\\\/2023\\\/06\\\/banderin_casa_bosque.webp\",\"contentUrl\":\"https:\\\/\\\/casabosque.cl\\\/wp-content\\\/uploads\\\/2023\\\/06\\\/banderin_casa_bosque.webp\",\"width\":332,\"height\":227,\"caption\":\"Casa Bosque\"},\"image\":{\"@id\":\"https:\\\/\\\/casabosque.cl\\\/pt-br\\\/#\\\/schema\\\/logo\\\/image\\\/\"}}]}<\/script>\n<!-- \/ Yoast SEO plugin. -->","yoast_head_json":{"title":"Junior Suite Hotel - Casa Bosque","robots":{"index":"index","follow":"follow","max-snippet":"max-snippet:-1","max-image-preview":"max-image-preview:large","max-video-preview":"max-video-preview:-1"},"canonical":"https:\/\/casabosque.cl\/pt-br\/producto\/suite-junior\/","og_locale":"pt_BR","og_type":"article","og_title":"Junior Suite Hotel - Casa Bosque","og_description":"Quarto de 25 m2 com 1 cama king size e varanda com vista para a piscina Internet: Wi-Fi gratuito de alta velocidade Relaxamento: roupa de cama Banheiro: banheira de hidromassagem com chuveiro de hidromassagem Instala\u00e7\u00f5es: ar-condicionado e aquecimento. Comodidades e servi\u00e7os do quarto Ar condicionado VARANDA Roup\u00f5es de banho Cafeteira Ber\u00e7os (mediante solicita\u00e7\u00e3o) Internet sem [&hellip;]","og_url":"https:\/\/casabosque.cl\/pt-br\/producto\/suite-junior\/","og_site_name":"Casa Bosque","article_modified_time":"2026-04-03T00:39:19+00:00","og_image":[{"width":700,"height":490,"url":"https:\/\/casabosque.cl\/wp-content\/uploads\/2026\/04\/junior_suite_featured69bad97358f05.jpg","type":"image\/jpeg"}],"twitter_card":"summary_large_image","schema":{"@context":"https:\/\/schema.org","@graph":[{"@type":"WebPage","@id":"https:\/\/casabosque.cl\/pt-br\/producto\/suite-junior\/","url":"https:\/\/casabosque.cl\/pt-br\/producto\/suite-junior\/","name":"Junior Suite Hotel - Casa Bosque","isPartOf":{"@id":"https:\/\/casabosque.cl\/pt-br\/#website"},"primaryImageOfPage":{"@id":"https:\/\/casabosque.cl\/pt-br\/producto\/suite-junior\/#primaryimage"},"image":{"@id":"https:\/\/casabosque.cl\/pt-br\/producto\/suite-junior\/#primaryimage"},"thumbnailUrl":"https:\/\/casabosque.cl\/wp-content\/uploads\/2026\/04\/junior_suite_featured69bad97358f05.jpg","datePublished":"2026-04-03T00:34:43+00:00","dateModified":"2026-04-03T00:39:19+00:00","breadcrumb":{"@id":"https:\/\/casabosque.cl\/pt-br\/producto\/suite-junior\/#breadcrumb"},"inLanguage":"pt-BR","potentialAction":[{"@type":"ReadAction","target":["https:\/\/casabosque.cl\/pt-br\/producto\/suite-junior\/"]}]},{"@type":"ImageObject","inLanguage":"pt-BR","@id":"https:\/\/casabosque.cl\/pt-br\/producto\/suite-junior\/#primaryimage","url":"https:\/\/casabosque.cl\/wp-content\/uploads\/2026\/04\/junior_suite_featured69bad97358f05.jpg","contentUrl":"https:\/\/casabosque.cl\/wp-content\/uploads\/2026\/04\/junior_suite_featured69bad97358f05.jpg","width":700,"height":490},{"@type":"BreadcrumbList","@id":"https:\/\/casabosque.cl\/pt-br\/producto\/suite-junior\/#breadcrumb","itemListElement":[{"@type":"ListItem","position":1,"name":"Portada","item":"https:\/\/casabosque.cl\/pt-br\/uma-experiencia-magica\/"},{"@type":"ListItem","position":2,"name":"Loja","item":"https:\/\/casabosque.cl\/pt-br\/loja\/"},{"@type":"ListItem","position":3,"name":"Junior Suite Hotel"}]},{"@type":"WebSite","@id":"https:\/\/casabosque.cl\/pt-br\/#website","url":"https:\/\/casabosque.cl\/pt-br\/","name":"Casa Bosque","description":"Sitio 2023","publisher":{"@id":"https:\/\/casabosque.cl\/pt-br\/#organization"},"potentialAction":[{"@type":"SearchAction","target":{"@type":"EntryPoint","urlTemplate":"https:\/\/casabosque.cl\/pt-br\/?s={search_term_string}"},"query-input":{"@type":"PropertyValueSpecification","valueRequired":true,"valueName":"search_term_string"}}],"inLanguage":"pt-BR"},{"@type":"Organization","@id":"https:\/\/casabosque.cl\/pt-br\/#organization","name":"Casa Bosque","url":"https:\/\/casabosque.cl\/pt-br\/","logo":{"@type":"ImageObject","inLanguage":"pt-BR","@id":"https:\/\/casabosque.cl\/pt-br\/#\/schema\/logo\/image\/","url":"https:\/\/casabosque.cl\/wp-content\/uploads\/2023\/06\/banderin_casa_bosque.webp","contentUrl":"https:\/\/casabosque.cl\/wp-content\/uploads\/2023\/06\/banderin_casa_bosque.webp","width":332,"height":227,"caption":"Casa Bosque"},"image":{"@id":"https:\/\/casabosque.cl\/pt-br\/#\/schema\/logo\/image\/"}}]}},"_cost_price":"","_links":{"self":[{"href":"https:\/\/casabosque.cl\/pt-br\/wp-json\/wp\/v2\/product\/17669","targetHints":{"allow":["GET"]}}],"collection":[{"href":"https:\/\/casabosque.cl\/pt-br\/wp-json\/wp\/v2\/product"}],"about":[{"href":"https:\/\/casabosque.cl\/pt-br\/wp-json\/wp\/v2\/types\/product"}],"replies":[{"embeddable":true,"href":"https:\/\/casabosque.cl\/pt-br\/wp-json\/wp\/v2\/comments?post=17669"}],"wp:featuredmedia":[{"embeddable":true,"href":"https:\/\/casabosque.cl\/pt-br\/wp-json\/wp\/v2\/media\/17664"}],"wp:attachment":[{"href":"https:\/\/casabosque.cl\/pt-br\/wp-json\/wp\/v2\/media?parent=17669"}],"wp:term":[{"taxonomy":"product_brand","embeddable":true,"href":"https:\/\/casabosque.cl\/pt-br\/wp-json\/wp\/v2\/product_brand?post=17669"},{"taxonomy":"product_cat","embeddable":true,"href":"https:\/\/casabosque.cl\/pt-br\/wp-json\/wp\/v2\/product_cat?post=17669"},{"taxonomy":"product_tag","embeddable":true,"href":"https:\/\/casabosque.cl\/pt-br\/wp-json\/wp\/v2\/product_tag?post=17669"},{"taxonomy":"giftcard-category","embeddable":true,"href":"https:\/\/casabosque.cl\/pt-br\/wp-json\/wp\/v2\/giftcard-category?post=17669"}],"curies":[{"name":"wp","href":"https:\/\/api.w.org\/{rel}","templated":true}]}}