{"id":7120,"date":"2023-08-23T14:40:53","date_gmt":"2023-08-23T14:40:53","guid":{"rendered":"https:\/\/casabosque.cl\/producto\/a-casa-da-arvore-2\/"},"modified":"2026-04-28T22:05:26","modified_gmt":"2026-04-29T02:05:26","slug":"a-casa-da-arvore-2","status":"publish","type":"product","link":"https:\/\/casabosque.cl\/pt-br\/producto\/a-casa-da-arvore-2\/","title":{"rendered":"A casa na \u00e1rvore"},"content":{"rendered":"<p>Ofere\u00e7a um cart\u00e3o-presente para uma ou mais noites em uma casa na \u00e1rvore a nove metros acima do n\u00edvel do mar.<\/p>\n","protected":false},"excerpt":{"rendered":"<div id=\"tab-description\" class=\"woocommerce-Tabs-panel woocommerce-Tabs-panel--description panel entry-content wc-tab\" role=\"tabpanel\" aria-labelledby=\"tab-title-description\">\n<p>Nove metros acima das copas das \u00e1rvores, nossa <strong>su\u00edte<\/strong> convida voc\u00ea a imaginar, desfrutar e sonhar na companhia do vento, do sil\u00eancio do Caj\u00f3n del Maipo e de uma vista privilegiada das estrelas.<\/p>\n<p>Nossa <strong>su\u00edte<\/strong> \u00e9 o lugar especial para viver uma experi\u00eancia \u00fanica&#8230; Ela tem todo o conforto que voc\u00ea precisa para desfrutar desse ambiente pr\u00e9-montanh\u00eas.<\/p>\n<p>\u00c9 um espa\u00e7o aconchegante, com um design \u00fanico, absolutamente tudo pensado com delicadeza para que haja harmonia em todo o ambiente.<\/p>\n<p>Possui uma cama de casal Super King, banheiro privativo totalmente equipado, jacuzzi, ar condicionado e servi\u00e7o de caf\u00e9 da manh\u00e3 no quarto.<\/p>\n<p>Check-in: 15:30 hrs \/ Check-out: 12:00 hrs<\/p>\n<p><strong>Tarifa de domingo, quarta e quinta-feira $155.000.<\/strong><br \/>\n<strong>  Sextas-feiras, s\u00e1bados, feriados e pr\u00e9-feriados $190.000,  <\/strong><br \/>\n<strong>valores por noite com base em dois adultos, incluindo caf\u00e9 da manh\u00e3 e taxas, verificar disponibilidade.<\/strong><\/p>\n<\/div>\n","protected":false},"featured_media":3922,"comment_status":"open","ping_status":"closed","template":"","meta":{"_acf_changed":false,"rs_blank_template":"","rs_page_bg_color":"","slide_template_v7":"","site-sidebar-layout":"default","site-content-layout":"","ast-site-content-layout":"default","site-content-style":"default","site-sidebar-style":"default","ast-global-header-display":"","ast-banner-title-visibility":"","ast-main-header-display":"","ast-hfb-above-header-display":"","ast-hfb-below-header-display":"","ast-hfb-mobile-header-display":"","site-post-title":"","ast-breadcrumbs-content":"","ast-featured-img":"","footer-sml-layout":"","ast-disable-related-posts":"","theme-transparent-header-meta":"default","adv-header-id-meta":"","stick-header-meta":"default","header-above-stick-meta":"","header-main-stick-meta":"","header-below-stick-meta":"","astra-migrate-meta-layouts":"set","ast-page-background-enabled":"default","ast-page-background-meta":{"desktop":{"background-color":"var(--ast-global-color-4)","background-image":"","background-repeat":"repeat","background-position":"center center","background-size":"auto","background-attachment":"scroll","background-type":"","background-media":"","overlay-type":"","overlay-color":"","overlay-opacity":"","overlay-gradient":""},"tablet":{"background-color":"","background-image":"","background-repeat":"repeat","background-position":"center center","background-size":"auto","background-attachment":"scroll","background-type":"","background-media":"","overlay-type":"","overlay-color":"","overlay-opacity":"","overlay-gradient":""},"mobile":{"background-color":"","background-image":"","background-repeat":"repeat","background-position":"center center","background-size":"auto","background-attachment":"scroll","background-type":"","background-media":"","overlay-type":"","overlay-color":"","overlay-opacity":"","overlay-gradient":""}},"ast-content-background-meta":{"desktop":{"background-color":"var(--ast-global-color-5)","background-image":"","background-repeat":"repeat","background-position":"center center","background-size":"auto","background-attachment":"scroll","background-type":"","background-media":"","overlay-type":"","overlay-color":"","overlay-opacity":"","overlay-gradient":""},"tablet":{"background-color":"var(--ast-global-color-5)","background-image":"","background-repeat":"repeat","background-position":"center center","background-size":"auto","background-attachment":"scroll","background-type":"","background-media":"","overlay-type":"","overlay-color":"","overlay-opacity":"","overlay-gradient":""},"mobile":{"background-color":"var(--ast-global-color-5)","background-image":"","background-repeat":"repeat","background-position":"center center","background-size":"auto","background-attachment":"scroll","background-type":"","background-media":"","overlay-type":"","overlay-color":"","overlay-opacity":"","overlay-gradient":""}}},"product_brand":[],"product_cat":[229],"product_tag":[],"giftcard-category":[],"class_list":{"0":"post-7120","1":"product","2":"type-product","3":"status-publish","4":"has-post-thumbnail","6":"product_cat-cartao-presente","7":"desktop-align-center","8":"tablet-align-left","9":"mobile-align-left","10":"ast-product-gallery-layout-horizontal-slider","11":"ast-product-gallery-with-no-image","12":"ast-product-tabs-layout-horizontal","14":"first","15":"instock","16":"virtual","17":"taxable","18":"purchasable","19":"product-type-gift-card"},"acf":[],"yoast_head":"<!-- This site is optimized with the Yoast SEO plugin v27.4 - https:\/\/yoast.com\/product\/yoast-seo-wordpress\/ -->\n<title>A casa na \u00e1rvore - Casa Bosque<\/title>\n<meta name=\"robots\" content=\"index, follow, max-snippet:-1, max-image-preview:large, max-video-preview:-1\" \/>\n<link rel=\"canonical\" href=\"https:\/\/casabosque.cl\/pt-br\/producto\/a-casa-da-arvore-2\/\" \/>\n<meta property=\"og:locale\" content=\"pt_BR\" \/>\n<meta property=\"og:type\" content=\"article\" \/>\n<meta property=\"og:title\" content=\"A casa na \u00e1rvore - Casa Bosque\" \/>\n<meta property=\"og:description\" content=\"Nove metros acima das copas das \u00e1rvores, nossa su\u00edte convida voc\u00ea a imaginar, desfrutar e sonhar na companhia do vento, do sil\u00eancio do Caj\u00f3n del Maipo e de uma vista privilegiada das estrelas. Nossa su\u00edte \u00e9 o lugar especial para viver uma experi\u00eancia \u00fanica... Ela tem todo o conforto que voc\u00ea precisa para desfrutar desse ambiente pr\u00e9-montanh\u00eas. \u00c9 um espa\u00e7o aconchegante, com um design \u00fanico, absolutamente tudo pensado com delicadeza para que haja harmonia em todo o ambiente. Possui uma cama de casal Super King, banheiro privativo totalmente equipado, jacuzzi, ar condicionado e servi\u00e7o de caf\u00e9 da manh\u00e3 no quarto. Check-in: 15:30 hrs \/ Check-out: 12:00 hrs Tarifa de domingo, quarta e quinta-feira $155.000.  Sextas-feiras, s\u00e1bados, feriados e pr\u00e9-feriados $190.000,  valores por noite com base em dois adultos, incluindo caf\u00e9 da manh\u00e3 e taxas, verificar disponibilidade.\" \/>\n<meta property=\"og:url\" content=\"https:\/\/casabosque.cl\/pt-br\/producto\/a-casa-da-arvore-2\/\" \/>\n<meta property=\"og:site_name\" content=\"Casa Bosque\" \/>\n<meta property=\"article:modified_time\" content=\"2026-04-29T02:05:26+00:00\" \/>\n<meta property=\"og:image\" content=\"https:\/\/casabosque.cl\/wp-content\/uploads\/2023\/08\/casa_del_arbol_01.webp\" \/>\n\t<meta property=\"og:image:width\" content=\"1000\" \/>\n\t<meta property=\"og:image:height\" content=\"667\" \/>\n\t<meta property=\"og:image:type\" content=\"image\/jpeg\" \/>\n<meta name=\"twitter:card\" content=\"summary_large_image\" \/>\n<meta name=\"twitter:label1\" content=\"Est. tempo de leitura\" \/>\n\t<meta name=\"twitter:data1\" content=\"1 minuto\" \/>\n<script type=\"application\/ld+json\" class=\"yoast-schema-graph\">{\"@context\":\"https:\\\/\\\/schema.org\",\"@graph\":[{\"@type\":\"WebPage\",\"@id\":\"https:\\\/\\\/casabosque.cl\\\/pt-br\\\/producto\\\/a-casa-da-arvore-2\\\/\",\"url\":\"https:\\\/\\\/casabosque.cl\\\/pt-br\\\/producto\\\/a-casa-da-arvore-2\\\/\",\"name\":\"A casa na \u00e1rvore - Casa Bosque\",\"isPartOf\":{\"@id\":\"https:\\\/\\\/casabosque.cl\\\/pt-br\\\/#website\"},\"primaryImageOfPage\":{\"@id\":\"https:\\\/\\\/casabosque.cl\\\/pt-br\\\/producto\\\/a-casa-da-arvore-2\\\/#primaryimage\"},\"image\":{\"@id\":\"https:\\\/\\\/casabosque.cl\\\/pt-br\\\/producto\\\/a-casa-da-arvore-2\\\/#primaryimage\"},\"thumbnailUrl\":\"https:\\\/\\\/casabosque.cl\\\/wp-content\\\/uploads\\\/2023\\\/08\\\/casa_del_arbol_01.webp\",\"datePublished\":\"2023-08-23T14:40:53+00:00\",\"dateModified\":\"2026-04-29T02:05:26+00:00\",\"breadcrumb\":{\"@id\":\"https:\\\/\\\/casabosque.cl\\\/pt-br\\\/producto\\\/a-casa-da-arvore-2\\\/#breadcrumb\"},\"inLanguage\":\"pt-BR\",\"potentialAction\":[{\"@type\":\"ReadAction\",\"target\":[\"https:\\\/\\\/casabosque.cl\\\/pt-br\\\/producto\\\/a-casa-da-arvore-2\\\/\"]}]},{\"@type\":\"ImageObject\",\"inLanguage\":\"pt-BR\",\"@id\":\"https:\\\/\\\/casabosque.cl\\\/pt-br\\\/producto\\\/a-casa-da-arvore-2\\\/#primaryimage\",\"url\":\"https:\\\/\\\/casabosque.cl\\\/wp-content\\\/uploads\\\/2023\\\/08\\\/casa_del_arbol_01.webp\",\"contentUrl\":\"https:\\\/\\\/casabosque.cl\\\/wp-content\\\/uploads\\\/2023\\\/08\\\/casa_del_arbol_01.webp\",\"width\":1000,\"height\":667},{\"@type\":\"BreadcrumbList\",\"@id\":\"https:\\\/\\\/casabosque.cl\\\/pt-br\\\/producto\\\/a-casa-da-arvore-2\\\/#breadcrumb\",\"itemListElement\":[{\"@type\":\"ListItem\",\"position\":1,\"name\":\"Portada\",\"item\":\"https:\\\/\\\/casabosque.cl\\\/pt-br\\\/uma-experiencia-magica\\\/\"},{\"@type\":\"ListItem\",\"position\":2,\"name\":\"Loja\",\"item\":\"https:\\\/\\\/casabosque.cl\\\/pt-br\\\/loja\\\/\"},{\"@type\":\"ListItem\",\"position\":3,\"name\":\"A casa na \u00e1rvore\"}]},{\"@type\":\"WebSite\",\"@id\":\"https:\\\/\\\/casabosque.cl\\\/pt-br\\\/#website\",\"url\":\"https:\\\/\\\/casabosque.cl\\\/pt-br\\\/\",\"name\":\"Casa Bosque\",\"description\":\"Sitio 2023\",\"publisher\":{\"@id\":\"https:\\\/\\\/casabosque.cl\\\/pt-br\\\/#organization\"},\"potentialAction\":[{\"@type\":\"SearchAction\",\"target\":{\"@type\":\"EntryPoint\",\"urlTemplate\":\"https:\\\/\\\/casabosque.cl\\\/pt-br\\\/?s={search_term_string}\"},\"query-input\":{\"@type\":\"PropertyValueSpecification\",\"valueRequired\":true,\"valueName\":\"search_term_string\"}}],\"inLanguage\":\"pt-BR\"},{\"@type\":\"Organization\",\"@id\":\"https:\\\/\\\/casabosque.cl\\\/pt-br\\\/#organization\",\"name\":\"Casa Bosque\",\"url\":\"https:\\\/\\\/casabosque.cl\\\/pt-br\\\/\",\"logo\":{\"@type\":\"ImageObject\",\"inLanguage\":\"pt-BR\",\"@id\":\"https:\\\/\\\/casabosque.cl\\\/pt-br\\\/#\\\/schema\\\/logo\\\/image\\\/\",\"url\":\"https:\\\/\\\/casabosque.cl\\\/wp-content\\\/uploads\\\/2023\\\/06\\\/banderin_casa_bosque.webp\",\"contentUrl\":\"https:\\\/\\\/casabosque.cl\\\/wp-content\\\/uploads\\\/2023\\\/06\\\/banderin_casa_bosque.webp\",\"width\":332,\"height\":227,\"caption\":\"Casa Bosque\"},\"image\":{\"@id\":\"https:\\\/\\\/casabosque.cl\\\/pt-br\\\/#\\\/schema\\\/logo\\\/image\\\/\"}}]}<\/script>\n<!-- \/ Yoast SEO plugin. -->","yoast_head_json":{"title":"A casa na \u00e1rvore - Casa Bosque","robots":{"index":"index","follow":"follow","max-snippet":"max-snippet:-1","max-image-preview":"max-image-preview:large","max-video-preview":"max-video-preview:-1"},"canonical":"https:\/\/casabosque.cl\/pt-br\/producto\/a-casa-da-arvore-2\/","og_locale":"pt_BR","og_type":"article","og_title":"A casa na \u00e1rvore - Casa Bosque","og_description":"Nove metros acima das copas das \u00e1rvores, nossa su\u00edte convida voc\u00ea a imaginar, desfrutar e sonhar na companhia do vento, do sil\u00eancio do Caj\u00f3n del Maipo e de uma vista privilegiada das estrelas. Nossa su\u00edte \u00e9 o lugar especial para viver uma experi\u00eancia \u00fanica... Ela tem todo o conforto que voc\u00ea precisa para desfrutar desse ambiente pr\u00e9-montanh\u00eas. \u00c9 um espa\u00e7o aconchegante, com um design \u00fanico, absolutamente tudo pensado com delicadeza para que haja harmonia em todo o ambiente. Possui uma cama de casal Super King, banheiro privativo totalmente equipado, jacuzzi, ar condicionado e servi\u00e7o de caf\u00e9 da manh\u00e3 no quarto. Check-in: 15:30 hrs \/ Check-out: 12:00 hrs Tarifa de domingo, quarta e quinta-feira $155.000.  Sextas-feiras, s\u00e1bados, feriados e pr\u00e9-feriados $190.000,  valores por noite com base em dois adultos, incluindo caf\u00e9 da manh\u00e3 e taxas, verificar disponibilidade.","og_url":"https:\/\/casabosque.cl\/pt-br\/producto\/a-casa-da-arvore-2\/","og_site_name":"Casa Bosque","article_modified_time":"2026-04-29T02:05:26+00:00","og_image":[{"width":1000,"height":667,"url":"https:\/\/casabosque.cl\/wp-content\/uploads\/2023\/08\/casa_del_arbol_01.webp","type":"image\/jpeg"}],"twitter_card":"summary_large_image","twitter_misc":{"Est. tempo de leitura":"1 minuto"},"schema":{"@context":"https:\/\/schema.org","@graph":[{"@type":"WebPage","@id":"https:\/\/casabosque.cl\/pt-br\/producto\/a-casa-da-arvore-2\/","url":"https:\/\/casabosque.cl\/pt-br\/producto\/a-casa-da-arvore-2\/","name":"A casa na \u00e1rvore - Casa Bosque","isPartOf":{"@id":"https:\/\/casabosque.cl\/pt-br\/#website"},"primaryImageOfPage":{"@id":"https:\/\/casabosque.cl\/pt-br\/producto\/a-casa-da-arvore-2\/#primaryimage"},"image":{"@id":"https:\/\/casabosque.cl\/pt-br\/producto\/a-casa-da-arvore-2\/#primaryimage"},"thumbnailUrl":"https:\/\/casabosque.cl\/wp-content\/uploads\/2023\/08\/casa_del_arbol_01.webp","datePublished":"2023-08-23T14:40:53+00:00","dateModified":"2026-04-29T02:05:26+00:00","breadcrumb":{"@id":"https:\/\/casabosque.cl\/pt-br\/producto\/a-casa-da-arvore-2\/#breadcrumb"},"inLanguage":"pt-BR","potentialAction":[{"@type":"ReadAction","target":["https:\/\/casabosque.cl\/pt-br\/producto\/a-casa-da-arvore-2\/"]}]},{"@type":"ImageObject","inLanguage":"pt-BR","@id":"https:\/\/casabosque.cl\/pt-br\/producto\/a-casa-da-arvore-2\/#primaryimage","url":"https:\/\/casabosque.cl\/wp-content\/uploads\/2023\/08\/casa_del_arbol_01.webp","contentUrl":"https:\/\/casabosque.cl\/wp-content\/uploads\/2023\/08\/casa_del_arbol_01.webp","width":1000,"height":667},{"@type":"BreadcrumbList","@id":"https:\/\/casabosque.cl\/pt-br\/producto\/a-casa-da-arvore-2\/#breadcrumb","itemListElement":[{"@type":"ListItem","position":1,"name":"Portada","item":"https:\/\/casabosque.cl\/pt-br\/uma-experiencia-magica\/"},{"@type":"ListItem","position":2,"name":"Loja","item":"https:\/\/casabosque.cl\/pt-br\/loja\/"},{"@type":"ListItem","position":3,"name":"A casa na \u00e1rvore"}]},{"@type":"WebSite","@id":"https:\/\/casabosque.cl\/pt-br\/#website","url":"https:\/\/casabosque.cl\/pt-br\/","name":"Casa Bosque","description":"Sitio 2023","publisher":{"@id":"https:\/\/casabosque.cl\/pt-br\/#organization"},"potentialAction":[{"@type":"SearchAction","target":{"@type":"EntryPoint","urlTemplate":"https:\/\/casabosque.cl\/pt-br\/?s={search_term_string}"},"query-input":{"@type":"PropertyValueSpecification","valueRequired":true,"valueName":"search_term_string"}}],"inLanguage":"pt-BR"},{"@type":"Organization","@id":"https:\/\/casabosque.cl\/pt-br\/#organization","name":"Casa Bosque","url":"https:\/\/casabosque.cl\/pt-br\/","logo":{"@type":"ImageObject","inLanguage":"pt-BR","@id":"https:\/\/casabosque.cl\/pt-br\/#\/schema\/logo\/image\/","url":"https:\/\/casabosque.cl\/wp-content\/uploads\/2023\/06\/banderin_casa_bosque.webp","contentUrl":"https:\/\/casabosque.cl\/wp-content\/uploads\/2023\/06\/banderin_casa_bosque.webp","width":332,"height":227,"caption":"Casa Bosque"},"image":{"@id":"https:\/\/casabosque.cl\/pt-br\/#\/schema\/logo\/image\/"}}]}},"_cost_price":"","_links":{"self":[{"href":"https:\/\/casabosque.cl\/pt-br\/wp-json\/wp\/v2\/product\/7120","targetHints":{"allow":["GET"]}}],"collection":[{"href":"https:\/\/casabosque.cl\/pt-br\/wp-json\/wp\/v2\/product"}],"about":[{"href":"https:\/\/casabosque.cl\/pt-br\/wp-json\/wp\/v2\/types\/product"}],"replies":[{"embeddable":true,"href":"https:\/\/casabosque.cl\/pt-br\/wp-json\/wp\/v2\/comments?post=7120"}],"wp:featuredmedia":[{"embeddable":true,"href":"https:\/\/casabosque.cl\/pt-br\/wp-json\/wp\/v2\/media\/3922"}],"wp:attachment":[{"href":"https:\/\/casabosque.cl\/pt-br\/wp-json\/wp\/v2\/media?parent=7120"}],"wp:term":[{"taxonomy":"product_brand","embeddable":true,"href":"https:\/\/casabosque.cl\/pt-br\/wp-json\/wp\/v2\/product_brand?post=7120"},{"taxonomy":"product_cat","embeddable":true,"href":"https:\/\/casabosque.cl\/pt-br\/wp-json\/wp\/v2\/product_cat?post=7120"},{"taxonomy":"product_tag","embeddable":true,"href":"https:\/\/casabosque.cl\/pt-br\/wp-json\/wp\/v2\/product_tag?post=7120"},{"taxonomy":"giftcard-category","embeddable":true,"href":"https:\/\/casabosque.cl\/pt-br\/wp-json\/wp\/v2\/giftcard-category?post=7120"}],"curies":[{"name":"wp","href":"https:\/\/api.w.org\/{rel}","templated":true}]}}